{"id":26,"date":"2024-01-10T19:02:13","date_gmt":"2024-01-10T19:02:13","guid":{"rendered":"http:\/\/zip.put.poznan.pl\/?page_id=26"},"modified":"2025-01-12T22:25:49","modified_gmt":"2025-01-12T22:25:49","slug":"strona-glowna","status":"publish","type":"page","link":"https:\/\/zip.put.poznan.pl\/","title":{"rendered":"Strona g\u0142\u00f3wna"},"content":{"rendered":"\n<div class=\"wp-block-cover alignfull is-light hestia-clear-top-padding\"><span aria-hidden=\"true\" class=\"wp-block-cover__background has-white-background-color has-background-dim-100 has-background-dim\"><\/span><div class=\"wp-block-cover__inner-container is-layout-flow wp-block-cover-is-layout-flow\">\n<h2 class=\"wp-block-heading has-text-align-center has-text-color\" style=\"color:#3c4858\">Specjalno\u015bci <\/h2>\n\n\n\n<p class=\"has-text-align-center\">od drugiego semestru<\/p>\n\n\n\n<div class=\"wp-block-columns container is-layout-flex wp-container-core-columns-is-layout-9d6595d7 wp-block-columns-is-layout-flex\">\n<div class=\"wp-block-column is-layout-flow wp-block-column-is-layout-flow\"><div class=\"wp-block-image\">\n<figure class=\"aligncenter size-full is-resized\"><a href=\"http:\/\/zip.put.poznan.pl\/wp-content\/uploads\/2025\/01\/Sterowanie-produkcja-1.pdf\" target=\"_blank\" rel=\" noreferrer noopener\"><img decoding=\"async\" width=\"175\" height=\"160\" src=\"http:\/\/zip.put.poznan.pl\/wp-content\/uploads\/2024\/01\/SP_1.png\" alt=\"\" class=\"wp-image-132\" style=\"width:98px;height:auto\"\/><\/a><\/figure>\n<\/div>\n\n\n<h5 class=\"wp-block-heading has-text-align-center has-text-color\" style=\"color:#3c4858;font-size:18px\">Sterowanie produkcj\u0105<\/h5>\n\n\n\n<p class=\"has-text-align-center has-text-color\" style=\"color:#999999;font-size:14px\"><strong>Poznaj aktualne metody planowania \u2028i sterowania przep\u0142ywem produkcji wspierane nowoczesnymi rozwi\u0105zaniami informatycznymi<\/strong><\/p>\n\n\n\n<div style=\"height:25px\" aria-hidden=\"true\" class=\"wp-block-spacer\"><\/div>\n<\/div>\n\n\n\n<div class=\"wp-block-column is-layout-flow wp-block-column-is-layout-flow\"><div class=\"wp-block-image\">\n<figure class=\"aligncenter size-full is-resized\"><a href=\"http:\/\/zip.put.poznan.pl\/wp-content\/uploads\/2025\/01\/Systemy-informatyczne-w-przedsiebiorstwie-1.pdf\" target=\"_blank\" rel=\" noreferrer noopener\"><img decoding=\"async\" width=\"153\" height=\"160\" src=\"http:\/\/zip.put.poznan.pl\/wp-content\/uploads\/2024\/01\/IP_1.png\" alt=\"\" class=\"wp-image-131\" style=\"width:90px\"\/><\/a><\/figure>\n<\/div>\n\n\n<h5 class=\"wp-block-heading has-text-align-center has-text-color\" style=\"color:#3c4858;font-size:18px\">Systemy informatyczne w przedsi\u0119biorstwie<\/h5>\n\n\n\n<p class=\"has-text-align-center has-text-color\" style=\"color:#999999;font-size:14px\"><strong>Poznaj rozwi\u0105zania informatyczne wspomagaj\u0105cego zarz\u0105dzanie przedsi\u0119biorstwem produkcyjnym<\/strong><\/p>\n\n\n\n<div style=\"height:25px\" aria-hidden=\"true\" class=\"wp-block-spacer\"><\/div>\n<\/div>\n\n\n\n<div class=\"wp-block-column is-layout-flow wp-block-column-is-layout-flow\"><div class=\"wp-block-image\">\n<figure class=\"aligncenter size-full is-resized\"><a href=\"http:\/\/zip.put.poznan.pl\/wp-content\/uploads\/2025\/01\/Inzynieria-i-zarzadzanie-jakoscia-1-1.pdf\" target=\"_blank\" rel=\" noreferrer noopener\"><img decoding=\"async\" width=\"151\" height=\"160\" src=\"http:\/\/zip.put.poznan.pl\/wp-content\/uploads\/2024\/01\/ZJ_1.png\" alt=\"\" class=\"wp-image-133\" style=\"width:90px\"\/><\/a><\/figure>\n<\/div>\n\n\n<h5 class=\"wp-block-heading has-text-align-center has-text-color\" style=\"color:#3c4858;font-size:18px\">In\u017cynieria i zarz\u0105dzanie jako\u015bci\u0105<\/h5>\n\n\n\n<p class=\"has-text-align-center has-text-color\" style=\"color:#999999;font-size:14px\"><strong>Poznaj skuteczne metody i narz\u0119dzia zarz\u0105dzania jako\u015bci\u0105<\/strong><\/p>\n\n\n\n<div style=\"height:25px\" aria-hidden=\"true\" class=\"wp-block-spacer\"><\/div>\n<\/div>\n<\/div>\n\n\n\n<div style=\"height:40px\" aria-hidden=\"true\" class=\"wp-block-spacer\"><\/div>\n<\/div><\/div>\n\n\n\n<div class=\"wp-block-columns container is-layout-flex wp-container-core-columns-is-layout-9d6595d7 wp-block-columns-is-layout-flex\">\n<div class=\"wp-block-column col-md-5 is-layout-flow wp-block-column-is-layout-flow\">\n<div style=\"height:55px\" aria-hidden=\"true\" class=\"wp-block-spacer\"><\/div>\n\n\n\n<h2 class=\"wp-block-heading\"><\/h2>\n\n\n\n<p class=\"has-large-font-size\">Zaj\u0119cia praktyczne prowadzone w <strong>nowoczesnych laboratoriach<\/strong> przez do\u015bwiadczonych nauczycieli akademickich<\/p>\n\n\n\n<div style=\"height:30px\" aria-hidden=\"true\" class=\"wp-block-spacer\"><\/div>\n\n\n\n<p class=\"has-text-align-right has-large-font-size\">Wizyty studyjne w \u2028czo\u0142owych <br><strong>przedsi\u0119biorstwach produkcyjnych<\/strong><\/p>\n\n\n\n<div style=\"height:30px\" aria-hidden=\"true\" class=\"wp-block-spacer\"><\/div>\n\n\n\n<p class=\"has-large-font-size\">Wybrane zaj\u0119cia w formie <strong>zdalnej<\/strong><\/p>\n<\/div>\n<\/div>\n\n\n\n<p><\/p>\n","protected":false},"excerpt":{"rendered":"<p>Zaj\u0119cia praktyczne prowadzone w nowoczesnych laboratoriach przez do\u015bwiadczonych nauczycieli akademickich Wizyty studyjne w \u2028czo\u0142owych przedsi\u0119biorstwach produkcyjnych Wybrane zaj\u0119cia w formie zdalnej<\/p>\n","protected":false},"author":1,"featured_media":162,"parent":0,"menu_order":0,"comment_status":"closed","ping_status":"closed","template":"","meta":{"footnotes":""},"class_list":["post-26","page","type-page","status-publish","has-post-thumbnail","hentry"],"_links":{"self":[{"href":"https:\/\/zip.put.poznan.pl\/index.php?rest_route=\/wp\/v2\/pages\/26","targetHints":{"allow":["GET"]}}],"collection":[{"href":"https:\/\/zip.put.poznan.pl\/index.php?rest_route=\/wp\/v2\/pages"}],"about":[{"href":"https:\/\/zip.put.poznan.pl\/index.php?rest_route=\/wp\/v2\/types\/page"}],"author":[{"embeddable":true,"href":"https:\/\/zip.put.poznan.pl\/index.php?rest_route=\/wp\/v2\/users\/1"}],"replies":[{"embeddable":true,"href":"https:\/\/zip.put.poznan.pl\/index.php?rest_route=%2Fwp%2Fv2%2Fcomments&post=26"}],"version-history":[{"count":21,"href":"https:\/\/zip.put.poznan.pl\/index.php?rest_route=\/wp\/v2\/pages\/26\/revisions"}],"predecessor-version":[{"id":272,"href":"https:\/\/zip.put.poznan.pl\/index.php?rest_route=\/wp\/v2\/pages\/26\/revisions\/272"}],"wp:featuredmedia":[{"embeddable":true,"href":"https:\/\/zip.put.poznan.pl\/index.php?rest_route=\/wp\/v2\/media\/162"}],"wp:attachment":[{"href":"https:\/\/zip.put.poznan.pl\/index.php?rest_route=%2Fwp%2Fv2%2Fmedia&parent=26"}],"curies":[{"name":"wp","href":"https:\/\/api.w.org\/{rel}","templated":true}]}}